{"id":2227,"date":"2022-01-20T15:46:22","date_gmt":"2022-01-20T15:46:22","guid":{"rendered":"https:\/\/www.femps.eu\/avviso-legale\/"},"modified":"2022-01-27T12:36:33","modified_gmt":"2022-01-27T12:36:33","slug":"avviso-legale","status":"publish","type":"page","link":"https:\/\/www.femps.eu\/it\/avviso-legale\/","title":{"rendered":"Avviso legale"},"content":{"rendered":"<h1>\n<p>Informazione legale<\/p>\n<\/h1>\n<h2>Disposizioni generali<\/h2>\n<div>\n<p>La Federazione, la cui attivit\u00e0 \u00e8 senza scopo di lucro, ha i seguenti obiettivi :<\/p>\n<ol>\n<li>Difendere, promuovere e sviluppare l&#8217;attivit\u00e0 di maestro di sci professionale nei paesi dell&#8217;Unione Europea,<\/li>\n<li>Promuovere la cooperazione tra le istituzioni nazionali dei maestri di sci professionisti nei paesi dell&#8217;Unione Europea, in particolare per quanto riguarda il riconoscimento reciproco delle qualifiche professionali,<\/li>\n<li>Rappresentare gli interessi dei maestri di sci europei e delle istituzioni nazionali dei maestri di sci professionisti, sia nei confronti della Commissione Europea che delle altre istituzioni europee, in particolare per quanto riguarda il riconoscimento reciproco delle qualifiche professionali per il libero esercizio della professione di maestro di sci e la libert\u00e0 di insediamento nei paesi dell&#8217;Unione Europea. E questo, sempre nel rispetto dell&#8217;autonomia nazionale e degli interessi degli utenti,<\/li>\n<\/ol>\n<\/div>\n<h2>Edizione<\/h2>\n<div>\n<p>Il sito <a href=\"https:\/\/www.femps.eu\/it\/\"><span><b>https:\/\/www.femps.eu\/<\/b><\/span><\/a> \u00e8 pubblicato da\u00a0:<\/p>\n<p>Le Syndicat National des Moniteurs du Ski Fran\u00e7ais (S.N.M.S.F.)<br \/>6, all\u00e9e des Mitaill\u00e8res<br \/>38242 Meylan<\/p>\n<p>T\u00e9l\u00e9phone\u00a0: 04 76 90 67 36<br \/>Site internet\u00a0: <a href=\"http:\/\/www.snmsf.com\"><span><b>www.snmsf.com<\/b><\/span><\/a><br \/>Num\u00e9ro SIRET\u00a0: 07050057400036\u00a0<\/p>\n<\/div>\n<h2>\n<p>Direttori della pubblicazione<span class=\"Apple-converted-space\">\u00a0<\/span><\/p>\n<\/h2>\n<div>\n<ul>\n<li><span><\/span>Richard WALTER, presidente FEMPS (presidente \u00d6sterreichischer Skischulverband)<\/li>\n<li><span><\/span>Giuseppe CUC, segretario FEMPS (presidente Collegio Nazionale Maestri di Sci Italiani)<\/li>\n<li><span><\/span>Eric BRECHE, tesoriere FEMPS, (presidente SNMSF)<\/li>\n<\/ul>\n<\/div>\n<h2>Sviluppo e hosting di siti<\/h2>\n<div>\n<p>Lo sviluppo del sito \u00e8 realizzato da:<\/p>\n<p><span><a href=\"https:\/\/www.onaircom.fr\"><b>On Air Communication<\/b><\/a><\/span><br \/>13,\u00a0bld Edgar Kofler \u2013 38500 Voiron<br \/>04 76 05 41 53<\/p>\n<p>Il sito \u00e8 ospitato da:<\/p>\n<p><b>SAS OVH<\/b> <br \/>RCS Lille M\u00e9tropole 424 761 419 00045 <br \/>Code APE 6202A <br \/>N\u00b0 TVA : FR 22 424 761 419 <br \/>Si\u00e8ge social : 2 rue Kellermann \u2013 59100 Roubaix \u2013 France.<\/p>\n<\/div>\n<h2>Crediti fotografici<\/h2>\n<div>\n<p>Italia\u00a0: Collegio Nazionale Maestri di Sci Italiani<br \/>Austria\u00a0: \u00d6sterreichischer Skischulverband<br \/>Francia\u00a0: Agence Zoom<\/p>\n<\/div>\n<p><!--more--><br \/>\n<!-- {\"type\":\"layout\",\"children\":[{\"type\":\"section\",\"props\":{\"style\":\"default\",\"width\":\"default\",\"vertical_align\":\"middle\",\"title_position\":\"top-left\",\"title_rotation\":\"left\",\"title_breakpoint\":\"xl\",\"image_position\":\"center-center\"},\"children\":[{\"type\":\"row\",\"children\":[{\"type\":\"column\",\"props\":{\"position_sticky_breakpoint\":\"m\",\"image_position\":\"center-center\",\"media_overlay_gradient\":\"\"},\"children\":[{\"type\":\"headline\",\"props\":{\"title_element\":\"h1\",\"content\":\"\n\n<p>Informazione legale<\\\/p>\"}},{\"type\":\"headline\",\"props\":{\"title_element\":\"h2\",\"content\":\"Disposizioni generali\"}},{\"type\":\"text\",\"props\":{\"margin\":\"default\",\"column_breakpoint\":\"m\",\"content\":\"\n\n<p>La Federazione, la cui attivit\\u00e0 \\u00e8 senza scopo di lucro, ha i seguenti obiettivi :<\\\/p>\\n\n\n<ol>\\n\n\n<li>Difendere, promuovere e sviluppare l'attivit\\u00e0 di maestro di sci professionale nei paesi dell'Unione Europea,<\\\/li>\\n\n\n<li>Promuovere la cooperazione tra le istituzioni nazionali dei maestri di sci professionisti nei paesi dell'Unione Europea, in particolare per quanto riguarda il riconoscimento reciproco delle qualifiche professionali,<\\\/li>\\n\n\n<li>Rappresentare gli interessi dei maestri di sci europei e delle istituzioni nazionali dei maestri di sci professionisti, sia nei confronti della Commissione Europea che delle altre istituzioni europee, in particolare per quanto riguarda il riconoscimento reciproco delle qualifiche professionali per il libero esercizio della professione di maestro di sci e la libert\\u00e0 di insediamento nei paesi dell'Unione Europea. E questo, sempre nel rispetto dell'autonomia nazionale e degli interessi degli utenti,<\\\/li>\\n<\\\/ol>\"}},{\"type\":\"headline\",\"props\":{\"title_element\":\"h2\",\"content\":\"Edizione\"}},{\"type\":\"text\",\"props\":{\"margin\":\"default\",\"column_breakpoint\":\"m\",\"content\":\"\n\n<p>Il sito <a href=\\\"https:\\\/\\\/www.femps.eu\\\/\\\"><span><b>https:\\\/\\\/www.femps.eu\\\/<\\\/b><\\\/span><\\\/a> \\u00e8 pubblicato da\\u00a0:<\\\/p>\\n\n\n<p>Le Syndicat National des Moniteurs du Ski Fran\\u00e7ais (S.N.M.S.F.)<br \\\/>6, all\\u00e9e des Mitaill\\u00e8res<br \\\/>38242 Meylan<\\\/p>\\n\n\n<p>T\\u00e9l\\u00e9phone\\u00a0: 04 76 90 67 36<br \\\/>Site internet\\u00a0: <a href=\\\"http:\\\/\\\/www.snmsf.com\\\"><span><b>www.snmsf.com<\\\/b><\\\/span><\\\/a><br \\\/>Num\\u00e9ro SIRET\\u00a0: 07050057400036\\u00a0<\\\/p>\"}},{\"type\":\"headline\",\"props\":{\"title_element\":\"h2\",\"content\":\"\n\n<p>Direttori della pubblicazione<span class=\\\"Apple-converted-space\\\">\\u00a0<\\\/span><\\\/p>\"}},{\"type\":\"text\",\"props\":{\"margin\":\"default\",\"column_breakpoint\":\"m\",\"content\":\"\n\n<ul>\\n\n\n<li><span><\\\/span>Richard WALTER, presidente FEMPS (presidente \\u00d6sterreichischer Skischulverband)<\\\/li>\\n\n\n<li><span><\\\/span>Giuseppe CUC, segretario FEMPS (presidente Collegio Nazionale Maestri di Sci Italiani)<\\\/li>\\n\n\n<li><span><\\\/span>Eric BRECHE, tesoriere FEMPS, (presidente SNMSF)<\\\/li>\\n<\\\/ul>\"}},{\"type\":\"headline\",\"props\":{\"title_element\":\"h2\",\"content\":\"Sviluppo e hosting di siti\"}},{\"type\":\"text\",\"props\":{\"margin\":\"default\",\"column_breakpoint\":\"m\",\"content\":\"\n\n<p>Lo sviluppo del sito \\u00e8 realizzato da:<\\\/p>\\n\n\n<p><span><a href=\\\"https:\\\/\\\/www.onaircom.fr\\\"><b>On Air Communication<\\\/b><\\\/a><\\\/span><br \\\/>13,\\u00a0bld Edgar Kofler \\u2013 38500 Voiron<br \\\/>04 76 05 41 53<\\\/p>\\n\n\n<p>Il sito \\u00e8 ospitato da:<\\\/p>\\n\n\n<p><b>SAS OVH<\\\/b> <br \\\/>RCS Lille M\\u00e9tropole 424 761 419 00045 <br \\\/>Code APE 6202A <br \\\/>N\\u00b0 TVA : FR 22 424 761 419 <br \\\/>Si\\u00e8ge social : 2 rue Kellermann \\u2013 59100 Roubaix \\u2013 France.<\\\/p>\"}},{\"type\":\"headline\",\"props\":{\"title_element\":\"h2\",\"content\":\"Crediti fotografici\"}},{\"type\":\"text\",\"props\":{\"margin\":\"default\",\"column_breakpoint\":\"m\",\"content\":\"\n\n<p>Italia\\u00a0: Collegio Nazionale Maestri di Sci Italiani<br \\\/>Austria\\u00a0: \\u00d6sterreichischer Skischulverband<br \\\/>Francia\\u00a0: Agence Zoom<\\\/p>\"}}]}]}]}],\"version\":\"2.7.16\"} --><\/p>\n","protected":false},"excerpt":{"rendered":"<p>Informazione legale Disposizioni generali La Federazione, la cui attivit\u00e0 \u00e8 senza scopo di lucro, ha i seguenti obiettivi : Difendere, promuovere e sviluppare l&#8217;attivit\u00e0 di maestro di sci professionale nei [&hellip;]<\/p>\n","protected":false},"author":1,"featured_media":0,"parent":0,"menu_order":0,"comment_status":"closed","ping_status":"closed","template":"","meta":{"_acf_changed":false,"footnotes":""},"class_list":["post-2227","page","type-page","status-publish","hentry"],"acf":[],"_links":{"self":[{"href":"https:\/\/www.femps.eu\/it\/wp-json\/wp\/v2\/pages\/2227","targetHints":{"allow":["GET"]}}],"collection":[{"href":"https:\/\/www.femps.eu\/it\/wp-json\/wp\/v2\/pages"}],"about":[{"href":"https:\/\/www.femps.eu\/it\/wp-json\/wp\/v2\/types\/page"}],"author":[{"embeddable":true,"href":"https:\/\/www.femps.eu\/it\/wp-json\/wp\/v2\/users\/1"}],"replies":[{"embeddable":true,"href":"https:\/\/www.femps.eu\/it\/wp-json\/wp\/v2\/comments?post=2227"}],"version-history":[{"count":0,"href":"https:\/\/www.femps.eu\/it\/wp-json\/wp\/v2\/pages\/2227\/revisions"}],"wp:attachment":[{"href":"https:\/\/www.femps.eu\/it\/wp-json\/wp\/v2\/media?parent=2227"}],"curies":[{"name":"wp","href":"https:\/\/api.w.org\/{rel}","templated":true}]}}